{"id":26,"date":"2016-10-24T14:55:35","date_gmt":"2016-10-24T12:55:35","guid":{"rendered":"http:\/\/etroplan.de\/Start\/?page_id=26"},"modified":"2016-10-24T22:34:22","modified_gmt":"2016-10-24T20:34:22","slug":"unternehmen","status":"publish","type":"page","link":"https:\/\/etroplan.de\/Start\/","title":{"rendered":"Unternehmen"},"content":{"rendered":"<p><em><strong>Willkommen bei der EtroPlan GmbH<\/strong><\/em><\/p>\n<p>&#8230; dem unabh\u00e4ngig beratenden Ingenieurb\u00fcro f\u00fcr die gesamte Planung und Objekt\u00fcberwachung<img loading=\"lazy\" decoding=\"async\" class=\"size-medium wp-image-171 alignright\" src=\"http:\/\/etroplan.de\/Start\/wp-content\/uploads\/2016\/10\/Elektrotechnik_Planung-300x187.jpg\" alt=\"Sicherungsautomaten 03543\" width=\"300\" height=\"187\" srcset=\"https:\/\/etroplan.de\/Start\/wp-content\/uploads\/2016\/10\/Elektrotechnik_Planung-300x187.jpg 300w, https:\/\/etroplan.de\/Start\/wp-content\/uploads\/2016\/10\/Elektrotechnik_Planung-768x478.jpg 768w, https:\/\/etroplan.de\/Start\/wp-content\/uploads\/2016\/10\/Elektrotechnik_Planung-1024x638.jpg 1024w, https:\/\/etroplan.de\/Start\/wp-content\/uploads\/2016\/10\/Elektrotechnik_Planung-50x31.jpg 50w, https:\/\/etroplan.de\/Start\/wp-content\/uploads\/2016\/10\/Elektrotechnik_Planung.jpg 1747w\" sizes=\"auto, (max-width: 300px) 100vw, 300px\" \/><br \/>\nder Elektrotechnik, Fernmelde- und Informationstechnik sowie F\u00f6rdertechnik.<\/p>\n<p>&#8230; dem modernen und innovativen Planungsb\u00fcro.<\/p>\n<p>&#8230; dem Ingenieurb\u00fcro mit kompetenten, erfahrenen und hochmotivierten Mitarbeitern.<\/p>\n<p>&nbsp;<\/p>\n","protected":false},"excerpt":{"rendered":"<p>Willkommen bei der EtroPlan GmbH &#8230; dem unabh\u00e4ngig beratenden Ingenieurb\u00fcro f\u00fcr die gesamte Planung und Objekt\u00fcberwachung der Elektrotechnik, Fernmelde- und Informationstechnik sowie F\u00f6rdertechnik. &#8230; dem modernen und innovativen Planungsb\u00fcro. &#8230; dem Ingenieurb\u00fcro mit kompetenten, erfahrenen und hochmotivierten Mitarbeitern. &nbsp;<\/p>\n","protected":false},"author":1,"featured_media":0,"parent":0,"menu_order":0,"comment_status":"closed","ping_status":"closed","template":"","meta":{"rop_custom_images_group":[],"rop_custom_messages_group":[],"rop_publish_now":"initial","rop_publish_now_accounts":[],"rop_publish_now_history":[],"rop_publish_now_status":"pending","footnotes":""},"class_list":["post-26","page","type-page","status-publish","hentry"],"_links":{"self":[{"href":"https:\/\/etroplan.de\/Start\/index.php?rest_route=\/wp\/v2\/pages\/26","targetHints":{"allow":["GET"]}}],"collection":[{"href":"https:\/\/etroplan.de\/Start\/index.php?rest_route=\/wp\/v2\/pages"}],"about":[{"href":"https:\/\/etroplan.de\/Start\/index.php?rest_route=\/wp\/v2\/types\/page"}],"author":[{"embeddable":true,"href":"https:\/\/etroplan.de\/Start\/index.php?rest_route=\/wp\/v2\/users\/1"}],"replies":[{"embeddable":true,"href":"https:\/\/etroplan.de\/Start\/index.php?rest_route=%2Fwp%2Fv2%2Fcomments&post=26"}],"version-history":[{"count":13,"href":"https:\/\/etroplan.de\/Start\/index.php?rest_route=\/wp\/v2\/pages\/26\/revisions"}],"predecessor-version":[{"id":174,"href":"https:\/\/etroplan.de\/Start\/index.php?rest_route=\/wp\/v2\/pages\/26\/revisions\/174"}],"wp:attachment":[{"href":"https:\/\/etroplan.de\/Start\/index.php?rest_route=%2Fwp%2Fv2%2Fmedia&parent=26"}],"curies":[{"name":"wp","href":"https:\/\/api.w.org\/{rel}","templated":true}]}}